{"id":48,"date":"2013-03-13T11:17:13","date_gmt":"2013-03-13T10:17:13","guid":{"rendered":"http:\/\/hastbraten.se\/?page_id=48"},"modified":"2013-05-08T11:36:07","modified_gmt":"2013-05-08T09:36:07","slug":"sortiment","status":"publish","type":"page","link":"https:\/\/www.hastbraten.se\/?page_id=48","title":{"rendered":"Sortiment"},"content":{"rendered":"<table border=\"0\">\n<tbody>\n<tr>\n<td>\n<h3>Dovhjort<\/h3>\n<\/td>\n<td>\n<p class=\"normaltext\">Rygg, innerfil\u00e9, innanl\u00e5r, ytterl\u00e5r, fransyska &#038; r\u00f6kta stekar<\/p>\n<\/td>\n<\/tr>\n<tr>\n<td>\n<h3>\u00c4lg<\/h3>\n<\/td>\n<td>\n<p class=\"normaltext\">Rygg, innerfil\u00e9, innanl\u00e5r, ytterl\u00e5r, fransyska, entrecote, ryggbiff, bog, stek, saltrulle &#038; r\u00f6kta stekar<\/p>\n<\/td>\n<\/tr>\n<tr>\n<td>\n<h3>R\u00e5djur<\/h3>\n<\/td>\n<td>\n<p class=\"normaltext\">Sadel, n\u00e4tade bakl\u00e5r, &#038; r\u00f6kta stekar<\/p>\n<\/td>\n<\/tr>\n<tr>\n<td>\n<h3>Vildsvin<\/h3>\n<\/td>\n<td>\n<p class=\"normaltext\">Rygg, innerfil\u00e9, innanl\u00e5r, stek &#038; r\u00f6kta stekar<\/p>\n<\/td>\n<\/tr>\n<tr>\n<td>\n<h3>Fasan<\/h3>\n<\/td>\n<td>\n<p class=\"normaltext\">Br\u00f6st med ben<\/p>\n<\/td>\n<\/tr>\n<tr>\n<td>\n<h3>Gr\u00e4sand<\/h3>\n<\/td>\n<td>\n<p class=\"normaltext\">Br\u00f6st med ben<\/p>\n<\/td>\n<\/tr>\n<tr>\n<td>\n<h3>Korv<\/h3>\n<\/td>\n<td>\n<p class=\"normaltext\">R\u00f6kt p\u00e5l\u00e4ggskorv, \u00e4lg, r\u00e5djur, hjort med chili, vildsvin, wienergrill, chorizo p\u00e5 hjort och \u00e4lg<\/p>\n<\/td>\n<\/tr>\n<\/tbody>\n<\/table>\n","protected":false},"excerpt":{"rendered":"<p>Dovhjort Rygg, innerfil\u00e9, innanl\u00e5r, ytterl\u00e5r, fransyska &#038; r\u00f6kta stekar \u00c4lg Rygg, innerfil\u00e9, innanl\u00e5r, ytterl\u00e5r, fransyska, entrecote, ryggbiff, bog, stek, saltrulle &#038; r\u00f6kta stekar R\u00e5djur Sadel, n\u00e4tade bakl\u00e5r, &#038; r\u00f6kta stekar Vildsvin Rygg, innerfil\u00e9, innanl\u00e5r, stek &#038; r\u00f6kta stekar Fasan Br\u00f6st med ben Gr\u00e4sand Br\u00f6st med ben Korv R\u00f6kt p\u00e5l\u00e4ggskorv, \u00e4lg, r\u00e5djur, hjort med chili, vildsvin, [&hellip;]<\/p>\n","protected":false},"author":1,"featured_media":0,"parent":0,"menu_order":0,"comment_status":"open","ping_status":"open","template":"","meta":[],"_links":{"self":[{"href":"https:\/\/www.hastbraten.se\/index.php?rest_route=\/wp\/v2\/pages\/48"}],"collection":[{"href":"https:\/\/www.hastbraten.se\/index.php?rest_route=\/wp\/v2\/pages"}],"about":[{"href":"https:\/\/www.hastbraten.se\/index.php?rest_route=\/wp\/v2\/types\/page"}],"author":[{"embeddable":true,"href":"https:\/\/www.hastbraten.se\/index.php?rest_route=\/wp\/v2\/users\/1"}],"replies":[{"embeddable":true,"href":"https:\/\/www.hastbraten.se\/index.php?rest_route=%2Fwp%2Fv2%2Fcomments&post=48"}],"version-history":[{"count":6,"href":"https:\/\/www.hastbraten.se\/index.php?rest_route=\/wp\/v2\/pages\/48\/revisions"}],"predecessor-version":[{"id":139,"href":"https:\/\/www.hastbraten.se\/index.php?rest_route=\/wp\/v2\/pages\/48\/revisions\/139"}],"wp:attachment":[{"href":"https:\/\/www.hastbraten.se\/index.php?rest_route=%2Fwp%2Fv2%2Fmedia&parent=48"}],"curies":[{"name":"wp","href":"https:\/\/api.w.org\/{rel}","templated":true}]}}