{"id":211,"date":"2013-10-09T10:33:30","date_gmt":"2013-10-09T08:33:30","guid":{"rendered":"http:\/\/www.hastbraten.se\/?page_id=211"},"modified":"2018-10-23T09:17:14","modified_gmt":"2018-10-23T07:17:14","slug":"viltdagen","status":"publish","type":"page","link":"http:\/\/www.hastbraten.se\/?page_id=211","title":{"rendered":"Viltdagen"},"content":{"rendered":"<p>Ingen viltdag\u00a0kommer att \u00e4ga rum detta \u00e5r, vi \u00f6nskar alla en trevlig h\u00f6st!<\/p>\n<p>&nbsp;<\/p>\n","protected":false},"excerpt":{"rendered":"<p>Ingen viltdag\u00a0kommer att \u00e4ga rum detta \u00e5r, vi \u00f6nskar alla en trevlig h\u00f6st! &nbsp;<\/p>\n","protected":false},"author":1,"featured_media":0,"parent":0,"menu_order":0,"comment_status":"open","ping_status":"open","template":"","meta":[],"_links":{"self":[{"href":"http:\/\/www.hastbraten.se\/index.php?rest_route=\/wp\/v2\/pages\/211"}],"collection":[{"href":"http:\/\/www.hastbraten.se\/index.php?rest_route=\/wp\/v2\/pages"}],"about":[{"href":"http:\/\/www.hastbraten.se\/index.php?rest_route=\/wp\/v2\/types\/page"}],"author":[{"embeddable":true,"href":"http:\/\/www.hastbraten.se\/index.php?rest_route=\/wp\/v2\/users\/1"}],"replies":[{"embeddable":true,"href":"http:\/\/www.hastbraten.se\/index.php?rest_route=%2Fwp%2Fv2%2Fcomments&post=211"}],"version-history":[{"count":19,"href":"http:\/\/www.hastbraten.se\/index.php?rest_route=\/wp\/v2\/pages\/211\/revisions"}],"predecessor-version":[{"id":370,"href":"http:\/\/www.hastbraten.se\/index.php?rest_route=\/wp\/v2\/pages\/211\/revisions\/370"}],"wp:attachment":[{"href":"http:\/\/www.hastbraten.se\/index.php?rest_route=%2Fwp%2Fv2%2Fmedia&parent=211"}],"curies":[{"name":"wp","href":"https:\/\/api.w.org\/{rel}","templated":true}]}}