{"id":13,"date":"2013-03-12T14:18:35","date_gmt":"2013-03-12T13:18:35","guid":{"rendered":"http:\/\/hastbraten.se\/?page_id=13"},"modified":"2013-10-09T11:42:02","modified_gmt":"2013-10-09T09:42:02","slug":"kontakt","status":"publish","type":"page","link":"http:\/\/www.hastbraten.se\/?page_id=13","title":{"rendered":"Kontakt"},"content":{"rendered":"<div class=\"floatleft\">\n<h3>V\u00e5r adress<\/h3>\n<p>Viltboden<br \/>\nH\u00e4stbr\u00e5ten G\u00e5rd<br \/>\n565 91 MULLSJ\u00d6<\/p>\n<h3>Telefon<\/h3>\n<p>070 &#8211; 600 90 85<\/p>\n<h3>E-post<\/h3>\n<p><a href=\"mailto:info@hastbraten.se\">info@hastbraten.se<\/a><\/p>\n<\/div>\n<div class=\"floatright\" id=\"kontakt\"><\/div>\n","protected":false},"excerpt":{"rendered":"<p>V\u00e5r adress Viltboden H\u00e4stbr\u00e5ten G\u00e5rd 565 91 MULLSJ\u00d6 Telefon 070 &#8211; 600 90 85 E-post info@hastbraten.se<\/p>\n","protected":false},"author":1,"featured_media":0,"parent":0,"menu_order":0,"comment_status":"open","ping_status":"open","template":"","meta":[],"_links":{"self":[{"href":"http:\/\/www.hastbraten.se\/index.php?rest_route=\/wp\/v2\/pages\/13"}],"collection":[{"href":"http:\/\/www.hastbraten.se\/index.php?rest_route=\/wp\/v2\/pages"}],"about":[{"href":"http:\/\/www.hastbraten.se\/index.php?rest_route=\/wp\/v2\/types\/page"}],"author":[{"embeddable":true,"href":"http:\/\/www.hastbraten.se\/index.php?rest_route=\/wp\/v2\/users\/1"}],"replies":[{"embeddable":true,"href":"http:\/\/www.hastbraten.se\/index.php?rest_route=%2Fwp%2Fv2%2Fcomments&post=13"}],"version-history":[{"count":31,"href":"http:\/\/www.hastbraten.se\/index.php?rest_route=\/wp\/v2\/pages\/13\/revisions"}],"predecessor-version":[{"id":20,"href":"http:\/\/www.hastbraten.se\/index.php?rest_route=\/wp\/v2\/pages\/13\/revisions\/20"}],"wp:attachment":[{"href":"http:\/\/www.hastbraten.se\/index.php?rest_route=%2Fwp%2Fv2%2Fmedia&parent=13"}],"curies":[{"name":"wp","href":"https:\/\/api.w.org\/{rel}","templated":true}]}}